{"id":26,"date":"2025-01-09T12:02:13","date_gmt":"2025-01-09T11:02:13","guid":{"rendered":"https:\/\/labs.100x100.net\/projects\/txapela\/?page_id=26"},"modified":"2025-04-02T17:24:31","modified_gmt":"2025-04-02T15:24:31","slug":"carta","status":"publish","type":"page","link":"https:\/\/www.txapelarestaurant.com\/es\/carta\/","title":{"rendered":"Carta"},"content":{"rendered":"","protected":false},"excerpt":{"rendered":"","protected":false},"author":1,"featured_media":0,"parent":0,"menu_order":0,"comment_status":"closed","ping_status":"closed","template":"page-carta.php","meta":{"_acf_changed":false,"footnotes":""},"class_list":["post-26","page","type-page","status-publish","hentry"],"acf":[],"yoast_head":"<!-- This site is optimized with the Yoast SEO plugin v25.7 - https:\/\/yoast.com\/wordpress\/plugins\/seo\/ -->\n<title>Descubre la Carta de Txapela - Aut\u00e9nticos Pintxos y Tapas Vascas<\/title>\n<meta name=\"description\" content=\"Explora la carta de Txapela y disfruta de aut\u00e9nticos pintxos y tapas vascas. Sabores \u00fanicos con ingredientes de calidad. \u00a1Ven a probarlos!\" \/>\n<meta name=\"robots\" content=\"index, follow, max-snippet:-1, max-image-preview:large, max-video-preview:-1\" \/>\n<link rel=\"canonical\" href=\"https:\/\/www.txapelarestaurant.com\/es\/carta\/\" \/>\n<meta property=\"og:locale\" content=\"es_ES\" \/>\n<meta property=\"og:type\" content=\"article\" \/>\n<meta property=\"og:title\" content=\"Descubre la Carta de Txapela - Aut\u00e9nticos Pintxos y Tapas Vascas\" \/>\n<meta property=\"og:description\" content=\"Explora la carta de Txapela y disfruta de aut\u00e9nticos pintxos y tapas vascas. Sabores \u00fanicos con ingredientes de calidad. \u00a1Ven a probarlos!\" \/>\n<meta property=\"og:url\" content=\"https:\/\/www.txapelarestaurant.com\/es\/carta\/\" \/>\n<meta property=\"og:site_name\" content=\"Txapela Restaurant\" \/>\n<meta property=\"article:modified_time\" content=\"2025-04-02T15:24:31+00:00\" \/>\n<meta property=\"og:image\" content=\"https:\/\/hundreds-wordpress-uploads.s3.amazonaws.com\/txapela\/uploads\/2025\/04\/txapela_restaurant.png\" \/>\n\t<meta property=\"og:image:width\" content=\"2134\" \/>\n\t<meta property=\"og:image:height\" content=\"541\" \/>\n\t<meta property=\"og:image:type\" content=\"image\/png\" \/>\n<meta name=\"twitter:card\" content=\"summary_large_image\" \/>\n<script type=\"application\/ld+json\" class=\"yoast-schema-graph\">{\"@context\":\"https:\/\/schema.org\",\"@graph\":[{\"@type\":\"WebPage\",\"@id\":\"https:\/\/www.txapelarestaurant.com\/es\/carta\/\",\"url\":\"https:\/\/www.txapelarestaurant.com\/es\/carta\/\",\"name\":\"Descubre la Carta de Txapela - Aut\u00e9nticos Pintxos y Tapas Vascas\",\"isPartOf\":{\"@id\":\"https:\/\/www.txapelarestaurant.com\/es\/#website\"},\"datePublished\":\"2025-01-09T11:02:13+00:00\",\"dateModified\":\"2025-04-02T15:24:31+00:00\",\"description\":\"Explora la carta de Txapela y disfruta de aut\u00e9nticos pintxos y tapas vascas. Sabores \u00fanicos con ingredientes de calidad. \u00a1Ven a probarlos!\",\"breadcrumb\":{\"@id\":\"https:\/\/www.txapelarestaurant.com\/es\/carta\/#breadcrumb\"},\"inLanguage\":\"es\",\"potentialAction\":[{\"@type\":\"ReadAction\",\"target\":[\"https:\/\/www.txapelarestaurant.com\/es\/carta\/\"]}]},{\"@type\":\"BreadcrumbList\",\"@id\":\"https:\/\/www.txapelarestaurant.com\/es\/carta\/#breadcrumb\",\"itemListElement\":[{\"@type\":\"ListItem\",\"position\":1,\"name\":\"Portada\",\"item\":\"https:\/\/www.txapelarestaurant.com\/es\/\"},{\"@type\":\"ListItem\",\"position\":2,\"name\":\"Carta\"}]},{\"@type\":\"WebSite\",\"@id\":\"https:\/\/www.txapelarestaurant.com\/es\/#website\",\"url\":\"https:\/\/www.txapelarestaurant.com\/es\/\",\"name\":\"Txapela Restaurant\",\"description\":\"Disfruta de la aut\u00e9ntica cocina vasca en Txapela. Pintxos y tapas con ingredientes de calidad en un ambiente \u00fanico en Barcelona y Madrid.\",\"publisher\":{\"@id\":\"https:\/\/www.txapelarestaurant.com\/es\/#organization\"},\"potentialAction\":[{\"@type\":\"SearchAction\",\"target\":{\"@type\":\"EntryPoint\",\"urlTemplate\":\"https:\/\/www.txapelarestaurant.com\/es\/?s={search_term_string}\"},\"query-input\":{\"@type\":\"PropertyValueSpecification\",\"valueRequired\":true,\"valueName\":\"search_term_string\"}}],\"inLanguage\":\"es\"},{\"@type\":\"Organization\",\"@id\":\"https:\/\/www.txapelarestaurant.com\/es\/#organization\",\"name\":\"Txapela Restaurant\",\"url\":\"https:\/\/www.txapelarestaurant.com\/es\/\",\"logo\":{\"@type\":\"ImageObject\",\"inLanguage\":\"es\",\"@id\":\"https:\/\/www.txapelarestaurant.com\/es\/#\/schema\/logo\/image\/\",\"url\":\"\",\"contentUrl\":\"\",\"caption\":\"Txapela Restaurant\"},\"image\":{\"@id\":\"https:\/\/www.txapelarestaurant.com\/es\/#\/schema\/logo\/image\/\"},\"sameAs\":[\"https:\/\/www.instagram.com\/txapelamadrid\/\",\"https:\/\/www.instagram.com\/txapelabarcelona\",\"https:\/\/www.facebook.com\/RestauranteTxapelamadrid\",\"https:\/\/www.facebook.com\/TxapelaBarcelona\/\"]}]}<\/script>\n<!-- \/ Yoast SEO plugin. -->","yoast_head_json":{"title":"Descubre la Carta de Txapela - Aut\u00e9nticos Pintxos y Tapas Vascas","description":"Explora la carta de Txapela y disfruta de aut\u00e9nticos pintxos y tapas vascas. Sabores \u00fanicos con ingredientes de calidad. \u00a1Ven a probarlos!","robots":{"index":"index","follow":"follow","max-snippet":"max-snippet:-1","max-image-preview":"max-image-preview:large","max-video-preview":"max-video-preview:-1"},"canonical":"https:\/\/www.txapelarestaurant.com\/es\/carta\/","og_locale":"es_ES","og_type":"article","og_title":"Descubre la Carta de Txapela - Aut\u00e9nticos Pintxos y Tapas Vascas","og_description":"Explora la carta de Txapela y disfruta de aut\u00e9nticos pintxos y tapas vascas. Sabores \u00fanicos con ingredientes de calidad. \u00a1Ven a probarlos!","og_url":"https:\/\/www.txapelarestaurant.com\/es\/carta\/","og_site_name":"Txapela Restaurant","article_modified_time":"2025-04-02T15:24:31+00:00","og_image":[{"width":2134,"height":541,"url":"https:\/\/hundreds-wordpress-uploads.s3.amazonaws.com\/txapela\/uploads\/2025\/04\/txapela_restaurant.png","type":"image\/png"}],"twitter_card":"summary_large_image","schema":{"@context":"https:\/\/schema.org","@graph":[{"@type":"WebPage","@id":"https:\/\/www.txapelarestaurant.com\/es\/carta\/","url":"https:\/\/www.txapelarestaurant.com\/es\/carta\/","name":"Descubre la Carta de Txapela - Aut\u00e9nticos Pintxos y Tapas Vascas","isPartOf":{"@id":"https:\/\/www.txapelarestaurant.com\/es\/#website"},"datePublished":"2025-01-09T11:02:13+00:00","dateModified":"2025-04-02T15:24:31+00:00","description":"Explora la carta de Txapela y disfruta de aut\u00e9nticos pintxos y tapas vascas. Sabores \u00fanicos con ingredientes de calidad. \u00a1Ven a probarlos!","breadcrumb":{"@id":"https:\/\/www.txapelarestaurant.com\/es\/carta\/#breadcrumb"},"inLanguage":"es","potentialAction":[{"@type":"ReadAction","target":["https:\/\/www.txapelarestaurant.com\/es\/carta\/"]}]},{"@type":"BreadcrumbList","@id":"https:\/\/www.txapelarestaurant.com\/es\/carta\/#breadcrumb","itemListElement":[{"@type":"ListItem","position":1,"name":"Portada","item":"https:\/\/www.txapelarestaurant.com\/es\/"},{"@type":"ListItem","position":2,"name":"Carta"}]},{"@type":"WebSite","@id":"https:\/\/www.txapelarestaurant.com\/es\/#website","url":"https:\/\/www.txapelarestaurant.com\/es\/","name":"Txapela Restaurant","description":"Disfruta de la aut\u00e9ntica cocina vasca en Txapela. Pintxos y tapas con ingredientes de calidad en un ambiente \u00fanico en Barcelona y Madrid.","publisher":{"@id":"https:\/\/www.txapelarestaurant.com\/es\/#organization"},"potentialAction":[{"@type":"SearchAction","target":{"@type":"EntryPoint","urlTemplate":"https:\/\/www.txapelarestaurant.com\/es\/?s={search_term_string}"},"query-input":{"@type":"PropertyValueSpecification","valueRequired":true,"valueName":"search_term_string"}}],"inLanguage":"es"},{"@type":"Organization","@id":"https:\/\/www.txapelarestaurant.com\/es\/#organization","name":"Txapela Restaurant","url":"https:\/\/www.txapelarestaurant.com\/es\/","logo":{"@type":"ImageObject","inLanguage":"es","@id":"https:\/\/www.txapelarestaurant.com\/es\/#\/schema\/logo\/image\/","url":"","contentUrl":"","caption":"Txapela Restaurant"},"image":{"@id":"https:\/\/www.txapelarestaurant.com\/es\/#\/schema\/logo\/image\/"},"sameAs":["https:\/\/www.instagram.com\/txapelamadrid\/","https:\/\/www.instagram.com\/txapelabarcelona","https:\/\/www.facebook.com\/RestauranteTxapelamadrid","https:\/\/www.facebook.com\/TxapelaBarcelona\/"]}]}},"_links":{"self":[{"href":"https:\/\/www.txapelarestaurant.com\/es\/wp-json\/wp\/v2\/pages\/26","targetHints":{"allow":["GET"]}}],"collection":[{"href":"https:\/\/www.txapelarestaurant.com\/es\/wp-json\/wp\/v2\/pages"}],"about":[{"href":"https:\/\/www.txapelarestaurant.com\/es\/wp-json\/wp\/v2\/types\/page"}],"author":[{"embeddable":true,"href":"https:\/\/www.txapelarestaurant.com\/es\/wp-json\/wp\/v2\/users\/1"}],"replies":[{"embeddable":true,"href":"https:\/\/www.txapelarestaurant.com\/es\/wp-json\/wp\/v2\/comments?post=26"}],"version-history":[{"count":11,"href":"https:\/\/www.txapelarestaurant.com\/es\/wp-json\/wp\/v2\/pages\/26\/revisions"}],"predecessor-version":[{"id":1077,"href":"https:\/\/www.txapelarestaurant.com\/es\/wp-json\/wp\/v2\/pages\/26\/revisions\/1077"}],"wp:attachment":[{"href":"https:\/\/www.txapelarestaurant.com\/es\/wp-json\/wp\/v2\/media?parent=26"}],"curies":[{"name":"wp","href":"https:\/\/api.w.org\/{rel}","templated":true}]}}